{"id":14974,"date":"2019-11-10T12:53:47","date_gmt":"2019-11-10T11:53:47","guid":{"rendered":"https:\/\/www.neta.al\/product\/tomatoes\/"},"modified":"2025-11-13T18:00:07","modified_gmt":"2025-11-13T17:00:07","slug":"tomatoes-2","status":"publish","type":"product","link":"https:\/\/www.agrotini.al\/sq\/product\/tomatoes-2\/","title":{"rendered":"Domate"},"content":{"rendered":"","protected":false},"excerpt":{"rendered":"<p data-start=\"720\" data-end=\"910\">D\u00ebshironi ta rritni biznesin tuaj me produkte me cil\u00ebsi t\u00eb lart\u00eb dhe gjithmon\u00eb t\u00eb fresk\u00ebta?<br data-start=\"788\" data-end=\"791\" \/>Nga pikat e shitjes me shumic\u00eb deri te marketet lokale, ne ofrojm\u00eb q\u00ebndrueshm\u00ebrin\u00eb dhe besueshm\u00ebrin\u00eb q\u00eb ju nevojitet p\u00ebr t&#8217;i mbajtur klient\u00ebt e q\u00eb ata t\u00eb kthehen te ju.<\/p>\n<p data-start=\"912\" data-end=\"1038\">Komunikoni me stafin ton\u00eb!<br data-start=\"920\" data-end=\"923\" \/>Na kontaktoni sot p\u00ebr t\u00eb konfirmuar disponueshm\u00ebrin\u00eb e produkteve, p\u00ebr t\u00eb par\u00eb p\u00ebrzgjedhjen ton\u00eb t\u00eb plot\u00eb dhe p\u00ebr t\u00eb siguruar \u00e7mime ekskluzive si partner.<\/p>\n<p data-start=\"1040\" data-end=\"1085\"><a href=\"https:\/\/www.agrotini.al\/sq\/contact-us\/\"><strong data-start=\"1040\" data-end=\"1085\">Klikoni k\u00ebtu t\u00eb lidheni me ne.<\/strong><\/a><\/p>\n","protected":false},"featured_media":15547,"template":"","meta":[],"product_brand":[],"product_cat":[109],"product_tag":[78,81,108,82,85,88,93,94,96,97],"class_list":{"0":"post-14974","1":"product","2":"type-product","3":"status-publish","4":"has-post-thumbnail","6":"product_cat-vegetable-sq","7":"product_tag-december-al","8":"product_tag-august-sq","9":"product_tag-january-sq","10":"product_tag-july-sq","11":"product_tag-may-sq","12":"product_tag-november-sq","13":"product_tag-april-sq","14":"product_tag-june-sq","15":"product_tag-september-sq","16":"product_tag-october-sq","18":"first","19":"instock","20":"shipping-taxable","21":"product-type-simple"},"_links":{"self":[{"href":"https:\/\/www.agrotini.al\/sq\/wp-json\/wp\/v2\/product\/14974","targetHints":{"allow":["GET"]}}],"collection":[{"href":"https:\/\/www.agrotini.al\/sq\/wp-json\/wp\/v2\/product"}],"about":[{"href":"https:\/\/www.agrotini.al\/sq\/wp-json\/wp\/v2\/types\/product"}],"wp:featuredmedia":[{"embeddable":true,"href":"https:\/\/www.agrotini.al\/sq\/wp-json\/wp\/v2\/media\/15547"}],"wp:attachment":[{"href":"https:\/\/www.agrotini.al\/sq\/wp-json\/wp\/v2\/media?parent=14974"}],"wp:term":[{"taxonomy":"product_brand","embeddable":true,"href":"https:\/\/www.agrotini.al\/sq\/wp-json\/wp\/v2\/product_brand?post=14974"},{"taxonomy":"product_cat","embeddable":true,"href":"https:\/\/www.agrotini.al\/sq\/wp-json\/wp\/v2\/product_cat?post=14974"},{"taxonomy":"product_tag","embeddable":true,"href":"https:\/\/www.agrotini.al\/sq\/wp-json\/wp\/v2\/product_tag?post=14974"}],"curies":[{"name":"wp","href":"https:\/\/api.w.org\/{rel}","templated":true}]}}